{"id":10002,"date":"2025-01-20T23:52:16","date_gmt":"2025-01-20T23:52:16","guid":{"rendered":"https:\/\/merlihome.com\/?post_type=product&#038;p=10002"},"modified":"2025-02-18T08:41:34","modified_gmt":"2025-02-18T08:41:34","slug":"frida-tv-unitesi","status":"publish","type":"product","link":"https:\/\/merlihome.com\/index.php\/product\/frida-tv-unitesi\/","title":{"rendered":"Frida TV \u00dcnitesi"},"content":{"rendered":"","protected":false},"excerpt":{"rendered":"<p>Modern ya\u015fam\u0131n zarafetini ve konforunu bulu\u015fturan <strong>Frida TV \u00dcnitesi<\/strong>, detaylara verilen \u00f6nemin en \u015f\u0131k ifadesi. Yumu\u015fak ge\u00e7i\u015flere sahip hatlar\u0131 ve incelikle se\u00e7ilmi\u015f kuma\u015f dokusuyla, ya\u015fam alanlar\u0131n\u0131z\u0131 sofistike bir havayla donat\u0131r. Zamans\u0131z tasar\u0131m\u0131, esteti\u011fi fonksiyonellikle birle\u015ftirirken, konforu bir sanat formuna d\u00f6n\u00fc\u015ft\u00fcr\u00fcr. Kusursuz oturum deneyimi sunan bu tak\u0131m, her a\u00e7\u0131dan kaliteyi ve \u00f6zg\u00fcnl\u00fc\u011f\u00fc yans\u0131tarak evinizin y\u0131ld\u0131z\u0131 olmaya aday. <strong>Frida<\/strong><strong>\u00a0TV \u00dcnitesi<\/strong>, tarz\u0131n\u0131za uyum sa\u011flarken, ya\u015fam\u0131n\u0131za \u015f\u0131kl\u0131k ve huzur kat\u0131yor.<\/p>\n","protected":false},"featured_media":10499,"comment_status":"closed","ping_status":"closed","template":"","meta":[],"product_cat":[81,79],"product_tag":[],"class_list":{"0":"post-10002","1":"product","2":"type-product","3":"status-publish","4":"has-post-thumbnail","6":"product_cat-frida","7":"product_cat-tv-uniteleri","9":"first","10":"instock","11":"shipping-taxable","12":"product-type-grouped"},"_links":{"self":[{"href":"https:\/\/merlihome.com\/index.php\/wp-json\/wp\/v2\/product\/10002","targetHints":{"allow":["GET"]}}],"collection":[{"href":"https:\/\/merlihome.com\/index.php\/wp-json\/wp\/v2\/product"}],"about":[{"href":"https:\/\/merlihome.com\/index.php\/wp-json\/wp\/v2\/types\/product"}],"replies":[{"embeddable":true,"href":"https:\/\/merlihome.com\/index.php\/wp-json\/wp\/v2\/comments?post=10002"}],"wp:featuredmedia":[{"embeddable":true,"href":"https:\/\/merlihome.com\/index.php\/wp-json\/wp\/v2\/media\/10499"}],"wp:attachment":[{"href":"https:\/\/merlihome.com\/index.php\/wp-json\/wp\/v2\/media?parent=10002"}],"wp:term":[{"taxonomy":"product_cat","embeddable":true,"href":"https:\/\/merlihome.com\/index.php\/wp-json\/wp\/v2\/product_cat?post=10002"},{"taxonomy":"product_tag","embeddable":true,"href":"https:\/\/merlihome.com\/index.php\/wp-json\/wp\/v2\/product_tag?post=10002"}],"curies":[{"name":"wp","href":"https:\/\/api.w.org\/{rel}","templated":true}]}}