{"id":10255,"date":"2025-02-14T08:58:28","date_gmt":"2025-02-14T08:58:28","guid":{"rendered":"https:\/\/merlihome.com\/?post_type=product&#038;p=10255"},"modified":"2025-02-17T07:41:52","modified_gmt":"2025-02-17T07:41:52","slug":"legend-tv-unitesi","status":"publish","type":"product","link":"https:\/\/merlihome.com\/index.php\/product\/legend-tv-unitesi\/","title":{"rendered":"Legend TV \u00dcnitesi"},"content":{"rendered":"<div class=\"wpb-content-wrapper\"><p>[vc_row disable_element=&#8221;yes&#8221; woodmart_stretch_content=&#8221;section-stretch-content-no-pd&#8221; woodmart_css_id=&#8221;6787a39a22c53&#8243; responsive_spacing=&#8221;eyJwYXJhbV90eXBlIjoid29vZG1hcnRfcmVzcG9uc2l2ZV9zcGFjaW5nIiwic2VsZWN0b3JfaWQiOiI2Nzg3YTM5YTIyYzUzIiwic2hvcnRjb2RlIjoidmNfcm93IiwiZGF0YSI6eyJ0YWJsZXQiOnt9LCJtb2JpbGUiOnt9fX0=&#8221; mobile_bg_img_hidden=&#8221;no&#8221; tablet_bg_img_hidden=&#8221;no&#8221; woodmart_parallax=&#8221;0&#8243; woodmart_gradient_switch=&#8221;no&#8221; woodmart_box_shadow=&#8221;no&#8221; wd_z_index=&#8221;no&#8221; woodmart_disable_overflow=&#8221;0&#8243; row_reverse_mobile=&#8221;0&#8243; row_reverse_tablet=&#8221;0&#8243;][vc_column]\t\t<div class=\"promo-banner-wrapper  wd-rs-678527a3f39f9 \">\n\t\t\t<div id=\"wd-678527a3f39f9\" class=\"promo-banner  banner-mask banner-hover-zoom color-scheme-light banner-btn-size-default banner-btn-style-default  wd-underline-colored\">\n\t\t\t\t<div class=\"main-wrapp-img\">\n\t\t\t\t\t<div class=\"banner-image wd-bg-position-center\" >\n\t\t\t\t\t\t\t\t\t\t\t<\/div>\n\t\t\t\t<\/div>\n\n\t\t\t\t<div class=\"wrapper-content-banner wd-fill  wd-items-middle wd-justify-center\">\n\t\t\t\t\t<div class=\"content-banner  text-center\">\n\t\t\t\t\t\t<h4 class=\"banner-title wd-font-weight- wd-fontsize-l\">ARBELLA<\/h4>\t\t\t\t\t\t\n\t\t\t\t\t\t\n\t\t\t\t\t\t\t\t\t\t\t<\/div>\n\t\t\t\t<\/div>\n\n\t\t\t\t\n\t\t\t\t\t\t\t<\/div>\n\t\t<\/div>\n\n\t\t[\/vc_column][\/vc_row]<\/p>\n<\/div>","protected":false},"excerpt":{"rendered":"<p>Zarif detaylar\u0131 ve modern tasar\u0131m\u0131yla \u00f6ne \u00e7\u0131kan\u00a0 Legend TV \u00dcnitesi, ya\u015fam alanlar\u0131n\u0131za sofistike bir dokunu\u015f kat\u0131yor. Estetik ve fonksiyonelli\u011fi bir araya getiren bu \u00f6zel tasar\u0131m, kaliteli malzemeleri ve \u015f\u0131k duru\u015fuyla dikkat \u00e7ekiyor. Alt\u0131n renkli metal ayaklar\u0131 ve \u00f6zel tasar\u0131m kapak kulplar\u0131 ile l\u00fcks bir atmosfer yaratan <strong>Legend TV \u00dcnitesi<\/strong>, geni\u015f depolama alanlar\u0131 sayesinde d\u00fczeni koruman\u0131za yard\u0131mc\u0131 olur. Minimalist ve \u015f\u0131k \u00e7izgileriyle her dekorasyon stiline uyum sa\u011flayan bu \u00fcnite, evinizin en \u00f6zel k\u00f6\u015fesinde zarafetle yerini alacak.<\/p>\n","protected":false},"featured_media":10247,"comment_status":"closed","ping_status":"closed","template":"","meta":[],"product_cat":[82,79],"product_tag":[],"class_list":{"0":"post-10255","1":"product","2":"type-product","3":"status-publish","4":"has-post-thumbnail","6":"product_cat-legend","7":"product_cat-tv-uniteleri","9":"first","10":"instock","11":"shipping-taxable","12":"product-type-grouped"},"_links":{"self":[{"href":"https:\/\/merlihome.com\/index.php\/wp-json\/wp\/v2\/product\/10255","targetHints":{"allow":["GET"]}}],"collection":[{"href":"https:\/\/merlihome.com\/index.php\/wp-json\/wp\/v2\/product"}],"about":[{"href":"https:\/\/merlihome.com\/index.php\/wp-json\/wp\/v2\/types\/product"}],"replies":[{"embeddable":true,"href":"https:\/\/merlihome.com\/index.php\/wp-json\/wp\/v2\/comments?post=10255"}],"wp:featuredmedia":[{"embeddable":true,"href":"https:\/\/merlihome.com\/index.php\/wp-json\/wp\/v2\/media\/10247"}],"wp:attachment":[{"href":"https:\/\/merlihome.com\/index.php\/wp-json\/wp\/v2\/media?parent=10255"}],"wp:term":[{"taxonomy":"product_cat","embeddable":true,"href":"https:\/\/merlihome.com\/index.php\/wp-json\/wp\/v2\/product_cat?post=10255"},{"taxonomy":"product_tag","embeddable":true,"href":"https:\/\/merlihome.com\/index.php\/wp-json\/wp\/v2\/product_tag?post=10255"}],"curies":[{"name":"wp","href":"https:\/\/api.w.org\/{rel}","templated":true}]}}