{"id":9897,"date":"2025-01-20T22:13:50","date_gmt":"2025-01-20T22:13:50","guid":{"rendered":"https:\/\/merlihome.com\/?post_type=product&#038;p=9897"},"modified":"2025-02-14T11:50:08","modified_gmt":"2025-02-14T11:50:08","slug":"wave-koltuk-takimi","status":"publish","type":"product","link":"https:\/\/merlihome.com\/index.php\/product\/wave-koltuk-takimi\/","title":{"rendered":"Wave Koltuk Tak\u0131m\u0131"},"content":{"rendered":"","protected":false},"excerpt":{"rendered":"<p>Zarafet ve konforun m\u00fckemmel bir birle\u015fimi olan <strong>Wave\u00a0Koltuk Tak\u0131m\u0131<\/strong>, ya\u015fam alanlar\u0131n\u0131zda modern ve s\u0131cak bir atmosfer yarat\u0131yor. Yumu\u015fak hatlara sahip koltuk tasar\u0131m\u0131, her a\u00e7\u0131dan estetik bir g\u00f6r\u00fcn\u00fcm sunarken, geni\u015f oturma alanlar\u0131yla g\u00fcn\u00fcn yorgunlu\u011funu keyifle atman\u0131z\u0131 sa\u011fl\u0131yor. Minimalist detaylarla zenginle\u015ftirilmi\u015f orta sehpa ve yan sehpalar, kullan\u0131\u015fl\u0131l\u0131k ile \u015f\u0131kl\u0131\u011f\u0131 bir araya getiriyor. <strong>Wave Koltuk Tak\u0131m\u0131<\/strong>, hem estetik hem de fonksiyonel a\u00e7\u0131dan oturma odan\u0131z\u0131n y\u0131ld\u0131z\u0131 olmaya aday.<\/p>\n","protected":false},"featured_media":10290,"comment_status":"closed","ping_status":"closed","template":"","meta":[],"product_cat":[73,84],"product_tag":[],"class_list":{"0":"post-9897","1":"product","2":"type-product","3":"status-publish","4":"has-post-thumbnail","6":"product_cat-koltuk-takimlari","7":"product_cat-wave","9":"first","10":"instock","11":"shipping-taxable","12":"product-type-grouped"},"_links":{"self":[{"href":"https:\/\/merlihome.com\/index.php\/wp-json\/wp\/v2\/product\/9897","targetHints":{"allow":["GET"]}}],"collection":[{"href":"https:\/\/merlihome.com\/index.php\/wp-json\/wp\/v2\/product"}],"about":[{"href":"https:\/\/merlihome.com\/index.php\/wp-json\/wp\/v2\/types\/product"}],"replies":[{"embeddable":true,"href":"https:\/\/merlihome.com\/index.php\/wp-json\/wp\/v2\/comments?post=9897"}],"wp:featuredmedia":[{"embeddable":true,"href":"https:\/\/merlihome.com\/index.php\/wp-json\/wp\/v2\/media\/10290"}],"wp:attachment":[{"href":"https:\/\/merlihome.com\/index.php\/wp-json\/wp\/v2\/media?parent=9897"}],"wp:term":[{"taxonomy":"product_cat","embeddable":true,"href":"https:\/\/merlihome.com\/index.php\/wp-json\/wp\/v2\/product_cat?post=9897"},{"taxonomy":"product_tag","embeddable":true,"href":"https:\/\/merlihome.com\/index.php\/wp-json\/wp\/v2\/product_tag?post=9897"}],"curies":[{"name":"wp","href":"https:\/\/api.w.org\/{rel}","templated":true}]}}